{"id":3786,"date":"2024-03-21T12:45:15","date_gmt":"2024-03-21T16:45:15","guid":{"rendered":"https:\/\/lachancedeces.com\/produit\/wooden-funeral-urn-doux-repos-hazelwood\/"},"modified":"2025-03-04T15:26:54","modified_gmt":"2025-03-04T20:26:54","slug":"wooden-funeral-urn-doux-repos-hazelwood","status":"publish","type":"product","link":"https:\/\/lachancedeces.com\/en\/product\/wooden-funeral-urn-doux-repos-hazelwood\/","title":{"rendered":"Wooden funeral urn &#8211; Gentle rest &#8211; Hazelwood"},"content":{"rendered":"<p>Handcrafted by skilled Quebec artisans, this simple wooden funeral urn offers a simple, elegant way to honor the memory of a loved one. Its sleek, customizable design allows you to pay tribute to your loved one in a unique, respectful way.<\/p>\n","protected":false},"excerpt":{"rendered":"<p>Simple wooden urn. Made in Quebec.<\/p>\n","protected":false},"featured_media":2422,"template":"","meta":[],"product_brand":[],"product_cat":[44],"product_tag":[355,256,361],"class_list":{"0":"post-3786","1":"product","2":"type-product","3":"status-publish","4":"has-post-thumbnail","6":"product_cat-funeral-urn","7":"product_tag-customizable","8":"product_tag-wood","9":"product_tag-wood-cherry","11":"first","12":"instock","13":"shipping-taxable","14":"purchasable","15":"product-type-simple"},"supplier_id":null,"supplier_sku":"","barcode":null,"atum_controlled":true,"out_stock_date":null,"out_stock_threshold":null,"inheritable":false,"inbound_stock":0,"stock_on_hold":0,"sold_today":0,"sales_last_days":0,"reserved_stock":0,"customer_returns":0,"warehouse_damage":0,"lost_in_post":0,"other_logs":0,"out_stock_days":0,"lost_sales":0,"has_location":false,"update_date":"2026-04-21T02:36:45","atum_locations":[],"atum_stock_status":"instock","restock_status":false,"low_stock_amount":"","sales_update_date":"2026-04-21T02:36:45","calc_backorders":null,"yoast_head":"<!-- This site is optimized with the Yoast SEO plugin v27.4 - https:\/\/yoast.com\/product\/yoast-seo-wordpress\/ -->\n<title>Wooden funeral urn - Gentle rest - Hazelwood - Azur Formulaire - Transmission d&#039;information pour un d\u00e9c\u00e8s<\/title>\n<meta name=\"robots\" content=\"index, follow\" \/>\n<link rel=\"canonical\" href=\"https:\/\/lachancedeces.com\/en\/product\/wooden-funeral-urn-doux-repos-hazelwood\/\" \/>\n<meta property=\"og:locale\" content=\"en_US\" \/>\n<meta property=\"og:type\" content=\"article\" \/>\n<meta property=\"og:title\" content=\"Wooden funeral urn - Gentle rest - Hazelwood - Azur Formulaire - Transmission d&#039;information pour un d\u00e9c\u00e8s\" \/>\n<meta property=\"og:description\" content=\"Simple wooden urn. Made in Quebec.\" \/>\n<meta property=\"og:url\" content=\"https:\/\/lachancedeces.com\/en\/product\/wooden-funeral-urn-doux-repos-hazelwood\/\" \/>\n<meta property=\"og:site_name\" content=\"Azur Formulaire - Transmission d&#039;information pour un d\u00e9c\u00e8s\" \/>\n<meta property=\"article:modified_time\" content=\"2025-03-04T20:26:54+00:00\" \/>\n<meta property=\"og:image\" content=\"https:\/\/lachancedeces.com\/wp-content\/uploads\/2024\/03\/6584822665ce2930dddacc21.png.png\" \/>\n\t<meta property=\"og:image:width\" content=\"1080\" \/>\n\t<meta property=\"og:image:height\" content=\"1080\" \/>\n\t<meta property=\"og:image:type\" content=\"image\/png\" \/>\n<meta name=\"twitter:card\" content=\"summary_large_image\" \/>\n<script type=\"application\/ld+json\" class=\"yoast-schema-graph\">{\"@context\":\"https:\\\/\\\/schema.org\",\"@graph\":[{\"@type\":\"WebPage\",\"@id\":\"https:\\\/\\\/lachancedeces.com\\\/en\\\/product\\\/wooden-funeral-urn-doux-repos-hazelwood\\\/\",\"url\":\"https:\\\/\\\/lachancedeces.com\\\/en\\\/product\\\/wooden-funeral-urn-doux-repos-hazelwood\\\/\",\"name\":\"Wooden funeral urn - Gentle rest - Hazelwood - Azur Formulaire - Transmission d&#039;information pour un d\u00e9c\u00e8s\",\"isPartOf\":{\"@id\":\"https:\\\/\\\/lachancedeces.com\\\/en\\\/#website\"},\"primaryImageOfPage\":{\"@id\":\"https:\\\/\\\/lachancedeces.com\\\/en\\\/product\\\/wooden-funeral-urn-doux-repos-hazelwood\\\/#primaryimage\"},\"image\":{\"@id\":\"https:\\\/\\\/lachancedeces.com\\\/en\\\/product\\\/wooden-funeral-urn-doux-repos-hazelwood\\\/#primaryimage\"},\"thumbnailUrl\":\"https:\\\/\\\/lachancedeces.com\\\/wp-content\\\/uploads\\\/2024\\\/03\\\/6584822665ce2930dddacc21.png.png\",\"datePublished\":\"2024-03-21T16:45:15+00:00\",\"dateModified\":\"2025-03-04T20:26:54+00:00\",\"breadcrumb\":{\"@id\":\"https:\\\/\\\/lachancedeces.com\\\/en\\\/product\\\/wooden-funeral-urn-doux-repos-hazelwood\\\/#breadcrumb\"},\"inLanguage\":\"en-US\",\"potentialAction\":[{\"@type\":\"ReadAction\",\"target\":[\"https:\\\/\\\/lachancedeces.com\\\/en\\\/product\\\/wooden-funeral-urn-doux-repos-hazelwood\\\/\"]}]},{\"@type\":\"ImageObject\",\"inLanguage\":\"en-US\",\"@id\":\"https:\\\/\\\/lachancedeces.com\\\/en\\\/product\\\/wooden-funeral-urn-doux-repos-hazelwood\\\/#primaryimage\",\"url\":\"https:\\\/\\\/lachancedeces.com\\\/wp-content\\\/uploads\\\/2024\\\/03\\\/6584822665ce2930dddacc21.png.png\",\"contentUrl\":\"https:\\\/\\\/lachancedeces.com\\\/wp-content\\\/uploads\\\/2024\\\/03\\\/6584822665ce2930dddacc21.png.png\",\"width\":1080,\"height\":1080},{\"@type\":\"BreadcrumbList\",\"@id\":\"https:\\\/\\\/lachancedeces.com\\\/en\\\/product\\\/wooden-funeral-urn-doux-repos-hazelwood\\\/#breadcrumb\",\"itemListElement\":[{\"@type\":\"ListItem\",\"position\":1,\"name\":\"Accueil\",\"item\":\"https:\\\/\\\/lachancedeces.com\\\/en\\\/\"},{\"@type\":\"ListItem\",\"position\":2,\"name\":\"Products\",\"item\":\"https:\\\/\\\/lachancedeces.com\\\/en\\\/shop\\\/\"},{\"@type\":\"ListItem\",\"position\":3,\"name\":\"Wooden funeral urn &#8211; Gentle rest &#8211; Hazelwood\"}]},{\"@type\":\"WebSite\",\"@id\":\"https:\\\/\\\/lachancedeces.com\\\/en\\\/#website\",\"url\":\"https:\\\/\\\/lachancedeces.com\\\/en\\\/\",\"name\":\"Complexe fun\u00e9raire Lachance - Transmission d'informations pour un d\u00e9c\u00e8s\",\"description\":\"Complexe fun\u00e9raire Lachance\",\"publisher\":{\"@id\":\"https:\\\/\\\/lachancedeces.com\\\/en\\\/#organization\"},\"potentialAction\":[{\"@type\":\"SearchAction\",\"target\":{\"@type\":\"EntryPoint\",\"urlTemplate\":\"https:\\\/\\\/lachancedeces.com\\\/en\\\/?s={search_term_string}\"},\"query-input\":{\"@type\":\"PropertyValueSpecification\",\"valueRequired\":true,\"valueName\":\"search_term_string\"}}],\"inLanguage\":\"en-US\"},{\"@type\":\"Organization\",\"@id\":\"https:\\\/\\\/lachancedeces.com\\\/en\\\/#organization\",\"name\":\"Complexe fun\u00e9raire Lachance - Transmission d'informations pour un d\u00e9c\u00e8s\",\"url\":\"https:\\\/\\\/lachancedeces.com\\\/en\\\/\",\"logo\":{\"@type\":\"ImageObject\",\"inLanguage\":\"en-US\",\"@id\":\"https:\\\/\\\/lachancedeces.com\\\/en\\\/#\\\/schema\\\/logo\\\/image\\\/\",\"url\":\"https:\\\/\\\/lachancedeces.com\\\/wp-content\\\/uploads\\\/2026\\\/01\\\/logo_cfl_carre.png\",\"contentUrl\":\"https:\\\/\\\/lachancedeces.com\\\/wp-content\\\/uploads\\\/2026\\\/01\\\/logo_cfl_carre.png\",\"width\":800,\"height\":800,\"caption\":\"Complexe fun\u00e9raire Lachance - Transmission d'informations pour un d\u00e9c\u00e8s\"},\"image\":{\"@id\":\"https:\\\/\\\/lachancedeces.com\\\/en\\\/#\\\/schema\\\/logo\\\/image\\\/\"}}]}<\/script>\n<!-- \/ Yoast SEO plugin. -->","yoast_head_json":{"title":"Wooden funeral urn - Gentle rest - Hazelwood - Azur Formulaire - Transmission d&#039;information pour un d\u00e9c\u00e8s","robots":{"index":"index","follow":"follow"},"canonical":"https:\/\/lachancedeces.com\/en\/product\/wooden-funeral-urn-doux-repos-hazelwood\/","og_locale":"en_US","og_type":"article","og_title":"Wooden funeral urn - Gentle rest - Hazelwood - Azur Formulaire - Transmission d&#039;information pour un d\u00e9c\u00e8s","og_description":"Simple wooden urn. Made in Quebec.","og_url":"https:\/\/lachancedeces.com\/en\/product\/wooden-funeral-urn-doux-repos-hazelwood\/","og_site_name":"Azur Formulaire - Transmission d&#039;information pour un d\u00e9c\u00e8s","article_modified_time":"2025-03-04T20:26:54+00:00","og_image":[{"width":1080,"height":1080,"url":"https:\/\/lachancedeces.com\/wp-content\/uploads\/2024\/03\/6584822665ce2930dddacc21.png.png","type":"image\/png"}],"twitter_card":"summary_large_image","schema":{"@context":"https:\/\/schema.org","@graph":[{"@type":"WebPage","@id":"https:\/\/lachancedeces.com\/en\/product\/wooden-funeral-urn-doux-repos-hazelwood\/","url":"https:\/\/lachancedeces.com\/en\/product\/wooden-funeral-urn-doux-repos-hazelwood\/","name":"Wooden funeral urn - Gentle rest - Hazelwood - Azur Formulaire - Transmission d&#039;information pour un d\u00e9c\u00e8s","isPartOf":{"@id":"https:\/\/lachancedeces.com\/en\/#website"},"primaryImageOfPage":{"@id":"https:\/\/lachancedeces.com\/en\/product\/wooden-funeral-urn-doux-repos-hazelwood\/#primaryimage"},"image":{"@id":"https:\/\/lachancedeces.com\/en\/product\/wooden-funeral-urn-doux-repos-hazelwood\/#primaryimage"},"thumbnailUrl":"https:\/\/lachancedeces.com\/wp-content\/uploads\/2024\/03\/6584822665ce2930dddacc21.png.png","datePublished":"2024-03-21T16:45:15+00:00","dateModified":"2025-03-04T20:26:54+00:00","breadcrumb":{"@id":"https:\/\/lachancedeces.com\/en\/product\/wooden-funeral-urn-doux-repos-hazelwood\/#breadcrumb"},"inLanguage":"en-US","potentialAction":[{"@type":"ReadAction","target":["https:\/\/lachancedeces.com\/en\/product\/wooden-funeral-urn-doux-repos-hazelwood\/"]}]},{"@type":"ImageObject","inLanguage":"en-US","@id":"https:\/\/lachancedeces.com\/en\/product\/wooden-funeral-urn-doux-repos-hazelwood\/#primaryimage","url":"https:\/\/lachancedeces.com\/wp-content\/uploads\/2024\/03\/6584822665ce2930dddacc21.png.png","contentUrl":"https:\/\/lachancedeces.com\/wp-content\/uploads\/2024\/03\/6584822665ce2930dddacc21.png.png","width":1080,"height":1080},{"@type":"BreadcrumbList","@id":"https:\/\/lachancedeces.com\/en\/product\/wooden-funeral-urn-doux-repos-hazelwood\/#breadcrumb","itemListElement":[{"@type":"ListItem","position":1,"name":"Accueil","item":"https:\/\/lachancedeces.com\/en\/"},{"@type":"ListItem","position":2,"name":"Products","item":"https:\/\/lachancedeces.com\/en\/shop\/"},{"@type":"ListItem","position":3,"name":"Wooden funeral urn &#8211; Gentle rest &#8211; Hazelwood"}]},{"@type":"WebSite","@id":"https:\/\/lachancedeces.com\/en\/#website","url":"https:\/\/lachancedeces.com\/en\/","name":"Complexe fun\u00e9raire Lachance - Transmission d'informations pour un d\u00e9c\u00e8s","description":"Complexe fun\u00e9raire Lachance","publisher":{"@id":"https:\/\/lachancedeces.com\/en\/#organization"},"potentialAction":[{"@type":"SearchAction","target":{"@type":"EntryPoint","urlTemplate":"https:\/\/lachancedeces.com\/en\/?s={search_term_string}"},"query-input":{"@type":"PropertyValueSpecification","valueRequired":true,"valueName":"search_term_string"}}],"inLanguage":"en-US"},{"@type":"Organization","@id":"https:\/\/lachancedeces.com\/en\/#organization","name":"Complexe fun\u00e9raire Lachance - Transmission d'informations pour un d\u00e9c\u00e8s","url":"https:\/\/lachancedeces.com\/en\/","logo":{"@type":"ImageObject","inLanguage":"en-US","@id":"https:\/\/lachancedeces.com\/en\/#\/schema\/logo\/image\/","url":"https:\/\/lachancedeces.com\/wp-content\/uploads\/2026\/01\/logo_cfl_carre.png","contentUrl":"https:\/\/lachancedeces.com\/wp-content\/uploads\/2026\/01\/logo_cfl_carre.png","width":800,"height":800,"caption":"Complexe fun\u00e9raire Lachance - Transmission d'informations pour un d\u00e9c\u00e8s"},"image":{"@id":"https:\/\/lachancedeces.com\/en\/#\/schema\/logo\/image\/"}}]}},"_links":{"self":[{"href":"https:\/\/lachancedeces.com\/en\/wp-json\/wp\/v2\/product\/3786","targetHints":{"allow":["GET"]}}],"collection":[{"href":"https:\/\/lachancedeces.com\/en\/wp-json\/wp\/v2\/product"}],"about":[{"href":"https:\/\/lachancedeces.com\/en\/wp-json\/wp\/v2\/types\/product"}],"wp:featuredmedia":[{"embeddable":true,"href":"https:\/\/lachancedeces.com\/en\/wp-json\/wp\/v2\/media\/2422"}],"wp:attachment":[{"href":"https:\/\/lachancedeces.com\/en\/wp-json\/wp\/v2\/media?parent=3786"}],"wp:term":[{"taxonomy":"product_brand","embeddable":true,"href":"https:\/\/lachancedeces.com\/en\/wp-json\/wp\/v2\/product_brand?post=3786"},{"taxonomy":"product_cat","embeddable":true,"href":"https:\/\/lachancedeces.com\/en\/wp-json\/wp\/v2\/product_cat?post=3786"},{"taxonomy":"product_tag","embeddable":true,"href":"https:\/\/lachancedeces.com\/en\/wp-json\/wp\/v2\/product_tag?post=3786"}],"curies":[{"name":"wp","href":"https:\/\/api.w.org\/{rel}","templated":true}]}}