{"id":3774,"date":"2024-03-21T12:45:49","date_gmt":"2024-06-03T15:19:58","guid":{"rendered":"https:\/\/lachancedeces.com\/produit\/ecological-funeral-urn-tube-foret\/"},"modified":"2026-03-10T09:17:35","modified_gmt":"2026-03-10T13:17:35","slug":"ecological-funeral-urn-tube-foret","status":"publish","type":"product","link":"https:\/\/lachancedeces.com\/en\/product\/ecological-funeral-urn-tube-foret\/","title":{"rendered":"Ecological funeral urn &#8211; Tube Forest"},"content":{"rendered":"<p>Made from biodegradable cardboard and other environmentally-friendly materials, this dispersion tube disintegrates naturally over time, leaving no trace in the environment. You can be sure that the last tribute to your loved one will be made in harmony with nature.<\/p>\n","protected":false},"excerpt":{"rendered":"<p>Ecological, biodegradable cardboard dispersion tube.<\/p>\n","protected":false},"featured_media":2406,"template":"","meta":[],"product_brand":[],"product_cat":[44],"product_tag":[352],"class_list":{"0":"post-3774","1":"product","2":"type-product","3":"status-publish","4":"has-post-thumbnail","6":"product_cat-funeral-urn","7":"product_tag-cardboard","9":"first","10":"instock","11":"shipping-taxable","12":"purchasable","13":"product-type-simple"},"supplier_id":null,"supplier_sku":"","barcode":null,"atum_controlled":true,"out_stock_date":null,"out_stock_threshold":null,"inheritable":false,"inbound_stock":0,"stock_on_hold":0,"sold_today":0,"sales_last_days":0,"reserved_stock":0,"customer_returns":0,"warehouse_damage":0,"lost_in_post":0,"other_logs":0,"out_stock_days":0,"lost_sales":0,"has_location":false,"update_date":"2026-04-22T02:40:37","atum_locations":[],"atum_stock_status":"instock","restock_status":false,"low_stock_amount":"","sales_update_date":"2026-04-22T02:40:37","calc_backorders":null,"yoast_head":"<!-- This site is optimized with the Yoast SEO plugin v27.4 - https:\/\/yoast.com\/product\/yoast-seo-wordpress\/ -->\n<title>Ecological funeral urn - Tube Forest - Azur Formulaire - Transmission d&#039;information pour un d\u00e9c\u00e8s<\/title>\n<meta name=\"robots\" content=\"index, follow\" \/>\n<link rel=\"canonical\" href=\"https:\/\/lachancedeces.com\/en\/product\/ecological-funeral-urn-tube-foret\/\" \/>\n<meta property=\"og:locale\" content=\"en_US\" \/>\n<meta property=\"og:type\" content=\"article\" \/>\n<meta property=\"og:title\" content=\"Ecological funeral urn - Tube Forest - Azur Formulaire - Transmission d&#039;information pour un d\u00e9c\u00e8s\" \/>\n<meta property=\"og:description\" content=\"Ecological, biodegradable cardboard dispersion tube.\" \/>\n<meta property=\"og:url\" content=\"https:\/\/lachancedeces.com\/en\/product\/ecological-funeral-urn-tube-foret\/\" \/>\n<meta property=\"og:site_name\" content=\"Azur Formulaire - Transmission d&#039;information pour un d\u00e9c\u00e8s\" \/>\n<meta property=\"article:modified_time\" content=\"2026-03-10T13:17:35+00:00\" \/>\n<meta property=\"og:image\" content=\"https:\/\/lachancedeces.com\/wp-content\/uploads\/2024\/03\/Urne-Tube-Foret.jpg\" \/>\n\t<meta property=\"og:image:width\" content=\"1600\" \/>\n\t<meta property=\"og:image:height\" content=\"1600\" \/>\n\t<meta property=\"og:image:type\" content=\"image\/jpeg\" \/>\n<meta name=\"twitter:card\" content=\"summary_large_image\" \/>\n<script type=\"application\/ld+json\" class=\"yoast-schema-graph\">{\"@context\":\"https:\\\/\\\/schema.org\",\"@graph\":[{\"@type\":\"WebPage\",\"@id\":\"https:\\\/\\\/lachancedeces.com\\\/en\\\/product\\\/ecological-funeral-urn-tube-foret\\\/\",\"url\":\"https:\\\/\\\/lachancedeces.com\\\/en\\\/product\\\/ecological-funeral-urn-tube-foret\\\/\",\"name\":\"Ecological funeral urn - Tube Forest - Azur Formulaire - Transmission d&#039;information pour un d\u00e9c\u00e8s\",\"isPartOf\":{\"@id\":\"https:\\\/\\\/lachancedeces.com\\\/en\\\/#website\"},\"primaryImageOfPage\":{\"@id\":\"https:\\\/\\\/lachancedeces.com\\\/en\\\/product\\\/ecological-funeral-urn-tube-foret\\\/#primaryimage\"},\"image\":{\"@id\":\"https:\\\/\\\/lachancedeces.com\\\/en\\\/product\\\/ecological-funeral-urn-tube-foret\\\/#primaryimage\"},\"thumbnailUrl\":\"https:\\\/\\\/lachancedeces.com\\\/wp-content\\\/uploads\\\/2024\\\/03\\\/Urne-Tube-Foret.jpg\",\"datePublished\":\"2024-06-03T15:19:58+00:00\",\"dateModified\":\"2026-03-10T13:17:35+00:00\",\"breadcrumb\":{\"@id\":\"https:\\\/\\\/lachancedeces.com\\\/en\\\/product\\\/ecological-funeral-urn-tube-foret\\\/#breadcrumb\"},\"inLanguage\":\"en-US\",\"potentialAction\":[{\"@type\":\"ReadAction\",\"target\":[\"https:\\\/\\\/lachancedeces.com\\\/en\\\/product\\\/ecological-funeral-urn-tube-foret\\\/\"]}]},{\"@type\":\"ImageObject\",\"inLanguage\":\"en-US\",\"@id\":\"https:\\\/\\\/lachancedeces.com\\\/en\\\/product\\\/ecological-funeral-urn-tube-foret\\\/#primaryimage\",\"url\":\"https:\\\/\\\/lachancedeces.com\\\/wp-content\\\/uploads\\\/2024\\\/03\\\/Urne-Tube-Foret.jpg\",\"contentUrl\":\"https:\\\/\\\/lachancedeces.com\\\/wp-content\\\/uploads\\\/2024\\\/03\\\/Urne-Tube-Foret.jpg\",\"width\":1600,\"height\":1600},{\"@type\":\"BreadcrumbList\",\"@id\":\"https:\\\/\\\/lachancedeces.com\\\/en\\\/product\\\/ecological-funeral-urn-tube-foret\\\/#breadcrumb\",\"itemListElement\":[{\"@type\":\"ListItem\",\"position\":1,\"name\":\"Accueil\",\"item\":\"https:\\\/\\\/lachancedeces.com\\\/en\\\/\"},{\"@type\":\"ListItem\",\"position\":2,\"name\":\"Products\",\"item\":\"https:\\\/\\\/lachancedeces.com\\\/en\\\/shop\\\/\"},{\"@type\":\"ListItem\",\"position\":3,\"name\":\"Ecological funeral urn &#8211; Tube Forest\"}]},{\"@type\":\"WebSite\",\"@id\":\"https:\\\/\\\/lachancedeces.com\\\/en\\\/#website\",\"url\":\"https:\\\/\\\/lachancedeces.com\\\/en\\\/\",\"name\":\"Complexe fun\u00e9raire Lachance - Transmission d'informations pour un d\u00e9c\u00e8s\",\"description\":\"Complexe fun\u00e9raire Lachance\",\"publisher\":{\"@id\":\"https:\\\/\\\/lachancedeces.com\\\/en\\\/#organization\"},\"potentialAction\":[{\"@type\":\"SearchAction\",\"target\":{\"@type\":\"EntryPoint\",\"urlTemplate\":\"https:\\\/\\\/lachancedeces.com\\\/en\\\/?s={search_term_string}\"},\"query-input\":{\"@type\":\"PropertyValueSpecification\",\"valueRequired\":true,\"valueName\":\"search_term_string\"}}],\"inLanguage\":\"en-US\"},{\"@type\":\"Organization\",\"@id\":\"https:\\\/\\\/lachancedeces.com\\\/en\\\/#organization\",\"name\":\"Complexe fun\u00e9raire Lachance - Transmission d'informations pour un d\u00e9c\u00e8s\",\"url\":\"https:\\\/\\\/lachancedeces.com\\\/en\\\/\",\"logo\":{\"@type\":\"ImageObject\",\"inLanguage\":\"en-US\",\"@id\":\"https:\\\/\\\/lachancedeces.com\\\/en\\\/#\\\/schema\\\/logo\\\/image\\\/\",\"url\":\"https:\\\/\\\/lachancedeces.com\\\/wp-content\\\/uploads\\\/2026\\\/01\\\/logo_cfl_carre.png\",\"contentUrl\":\"https:\\\/\\\/lachancedeces.com\\\/wp-content\\\/uploads\\\/2026\\\/01\\\/logo_cfl_carre.png\",\"width\":800,\"height\":800,\"caption\":\"Complexe fun\u00e9raire Lachance - Transmission d'informations pour un d\u00e9c\u00e8s\"},\"image\":{\"@id\":\"https:\\\/\\\/lachancedeces.com\\\/en\\\/#\\\/schema\\\/logo\\\/image\\\/\"}}]}<\/script>\n<!-- \/ Yoast SEO plugin. -->","yoast_head_json":{"title":"Ecological funeral urn - Tube Forest - Azur Formulaire - Transmission d&#039;information pour un d\u00e9c\u00e8s","robots":{"index":"index","follow":"follow"},"canonical":"https:\/\/lachancedeces.com\/en\/product\/ecological-funeral-urn-tube-foret\/","og_locale":"en_US","og_type":"article","og_title":"Ecological funeral urn - Tube Forest - Azur Formulaire - Transmission d&#039;information pour un d\u00e9c\u00e8s","og_description":"Ecological, biodegradable cardboard dispersion tube.","og_url":"https:\/\/lachancedeces.com\/en\/product\/ecological-funeral-urn-tube-foret\/","og_site_name":"Azur Formulaire - Transmission d&#039;information pour un d\u00e9c\u00e8s","article_modified_time":"2026-03-10T13:17:35+00:00","og_image":[{"width":1600,"height":1600,"url":"https:\/\/lachancedeces.com\/wp-content\/uploads\/2024\/03\/Urne-Tube-Foret.jpg","type":"image\/jpeg"}],"twitter_card":"summary_large_image","schema":{"@context":"https:\/\/schema.org","@graph":[{"@type":"WebPage","@id":"https:\/\/lachancedeces.com\/en\/product\/ecological-funeral-urn-tube-foret\/","url":"https:\/\/lachancedeces.com\/en\/product\/ecological-funeral-urn-tube-foret\/","name":"Ecological funeral urn - Tube Forest - Azur Formulaire - Transmission d&#039;information pour un d\u00e9c\u00e8s","isPartOf":{"@id":"https:\/\/lachancedeces.com\/en\/#website"},"primaryImageOfPage":{"@id":"https:\/\/lachancedeces.com\/en\/product\/ecological-funeral-urn-tube-foret\/#primaryimage"},"image":{"@id":"https:\/\/lachancedeces.com\/en\/product\/ecological-funeral-urn-tube-foret\/#primaryimage"},"thumbnailUrl":"https:\/\/lachancedeces.com\/wp-content\/uploads\/2024\/03\/Urne-Tube-Foret.jpg","datePublished":"2024-06-03T15:19:58+00:00","dateModified":"2026-03-10T13:17:35+00:00","breadcrumb":{"@id":"https:\/\/lachancedeces.com\/en\/product\/ecological-funeral-urn-tube-foret\/#breadcrumb"},"inLanguage":"en-US","potentialAction":[{"@type":"ReadAction","target":["https:\/\/lachancedeces.com\/en\/product\/ecological-funeral-urn-tube-foret\/"]}]},{"@type":"ImageObject","inLanguage":"en-US","@id":"https:\/\/lachancedeces.com\/en\/product\/ecological-funeral-urn-tube-foret\/#primaryimage","url":"https:\/\/lachancedeces.com\/wp-content\/uploads\/2024\/03\/Urne-Tube-Foret.jpg","contentUrl":"https:\/\/lachancedeces.com\/wp-content\/uploads\/2024\/03\/Urne-Tube-Foret.jpg","width":1600,"height":1600},{"@type":"BreadcrumbList","@id":"https:\/\/lachancedeces.com\/en\/product\/ecological-funeral-urn-tube-foret\/#breadcrumb","itemListElement":[{"@type":"ListItem","position":1,"name":"Accueil","item":"https:\/\/lachancedeces.com\/en\/"},{"@type":"ListItem","position":2,"name":"Products","item":"https:\/\/lachancedeces.com\/en\/shop\/"},{"@type":"ListItem","position":3,"name":"Ecological funeral urn &#8211; Tube Forest"}]},{"@type":"WebSite","@id":"https:\/\/lachancedeces.com\/en\/#website","url":"https:\/\/lachancedeces.com\/en\/","name":"Complexe fun\u00e9raire Lachance - Transmission d'informations pour un d\u00e9c\u00e8s","description":"Complexe fun\u00e9raire Lachance","publisher":{"@id":"https:\/\/lachancedeces.com\/en\/#organization"},"potentialAction":[{"@type":"SearchAction","target":{"@type":"EntryPoint","urlTemplate":"https:\/\/lachancedeces.com\/en\/?s={search_term_string}"},"query-input":{"@type":"PropertyValueSpecification","valueRequired":true,"valueName":"search_term_string"}}],"inLanguage":"en-US"},{"@type":"Organization","@id":"https:\/\/lachancedeces.com\/en\/#organization","name":"Complexe fun\u00e9raire Lachance - Transmission d'informations pour un d\u00e9c\u00e8s","url":"https:\/\/lachancedeces.com\/en\/","logo":{"@type":"ImageObject","inLanguage":"en-US","@id":"https:\/\/lachancedeces.com\/en\/#\/schema\/logo\/image\/","url":"https:\/\/lachancedeces.com\/wp-content\/uploads\/2026\/01\/logo_cfl_carre.png","contentUrl":"https:\/\/lachancedeces.com\/wp-content\/uploads\/2026\/01\/logo_cfl_carre.png","width":800,"height":800,"caption":"Complexe fun\u00e9raire Lachance - Transmission d'informations pour un d\u00e9c\u00e8s"},"image":{"@id":"https:\/\/lachancedeces.com\/en\/#\/schema\/logo\/image\/"}}]}},"_links":{"self":[{"href":"https:\/\/lachancedeces.com\/en\/wp-json\/wp\/v2\/product\/3774","targetHints":{"allow":["GET"]}}],"collection":[{"href":"https:\/\/lachancedeces.com\/en\/wp-json\/wp\/v2\/product"}],"about":[{"href":"https:\/\/lachancedeces.com\/en\/wp-json\/wp\/v2\/types\/product"}],"wp:featuredmedia":[{"embeddable":true,"href":"https:\/\/lachancedeces.com\/en\/wp-json\/wp\/v2\/media\/2406"}],"wp:attachment":[{"href":"https:\/\/lachancedeces.com\/en\/wp-json\/wp\/v2\/media?parent=3774"}],"wp:term":[{"taxonomy":"product_brand","embeddable":true,"href":"https:\/\/lachancedeces.com\/en\/wp-json\/wp\/v2\/product_brand?post=3774"},{"taxonomy":"product_cat","embeddable":true,"href":"https:\/\/lachancedeces.com\/en\/wp-json\/wp\/v2\/product_cat?post=3774"},{"taxonomy":"product_tag","embeddable":true,"href":"https:\/\/lachancedeces.com\/en\/wp-json\/wp\/v2\/product_tag?post=3774"}],"curies":[{"name":"wp","href":"https:\/\/api.w.org\/{rel}","templated":true}]}}