{"id":3755,"date":"2024-03-21T12:46:22","date_gmt":"2024-03-21T16:46:22","guid":{"rendered":"https:\/\/lachancedeces.com\/produit\/authentic-reliquary\/"},"modified":"2026-01-21T14:33:52","modified_gmt":"2026-01-21T19:33:52","slug":"authentic-reliquary","status":"publish","type":"product","link":"https:\/\/lachancedeces.com\/en\/product\/authentic-reliquary\/","title":{"rendered":"Funerary Reliquary &#8211; Authentique"},"content":{"rendered":"<p>Celebrate the memory of a loved one with our brass funeral reliquaries, designed to offer a tribute that is both elegant and enduring.<\/p>\n<p>These reliquaries are distinguished by their refined designs, impeccable finishes and high resistance to corrosion.<\/p>\n<p>*Box included subject to availability.<\/p>\n","protected":false},"excerpt":{"rendered":"<p>Brass reliquary<\/p>\n","protected":false},"featured_media":6429,"template":"","meta":[],"product_brand":[],"product_cat":[53],"product_tag":[358],"class_list":{"0":"post-3755","1":"product","2":"type-product","3":"status-publish","4":"has-post-thumbnail","6":"product_cat-reliquaries","7":"product_tag-brass","9":"first","10":"outofstock","11":"shipping-taxable","12":"purchasable","13":"product-type-simple"},"supplier_id":null,"supplier_sku":"","barcode":null,"atum_controlled":true,"out_stock_date":"2026-01-21 14:33:45","out_stock_threshold":null,"inheritable":false,"inbound_stock":0,"stock_on_hold":0,"sold_today":0,"sales_last_days":0,"reserved_stock":0,"customer_returns":0,"warehouse_damage":0,"lost_in_post":0,"other_logs":0,"out_stock_days":99,"lost_sales":0,"has_location":false,"update_date":"2026-05-01T03:52:39","atum_locations":[],"atum_stock_status":"outofstock","restock_status":false,"low_stock_amount":"","sales_update_date":"2026-05-01T03:52:39","calc_backorders":null,"yoast_head":"<!-- This site is optimized with the Yoast SEO plugin v27.4 - https:\/\/yoast.com\/product\/yoast-seo-wordpress\/ -->\n<title>Funerary Reliquary - Authentique - Azur Formulaire - Transmission d&#039;information pour un d\u00e9c\u00e8s<\/title>\n<meta name=\"robots\" content=\"index, follow\" \/>\n<link rel=\"canonical\" href=\"https:\/\/lachancedeces.com\/en\/product\/authentic-reliquary\/\" \/>\n<meta property=\"og:locale\" content=\"en_US\" \/>\n<meta property=\"og:type\" content=\"article\" \/>\n<meta property=\"og:title\" content=\"Funerary Reliquary - Authentique - Azur Formulaire - Transmission d&#039;information pour un d\u00e9c\u00e8s\" \/>\n<meta property=\"og:description\" content=\"Brass reliquary\" \/>\n<meta property=\"og:url\" content=\"https:\/\/lachancedeces.com\/en\/product\/authentic-reliquary\/\" \/>\n<meta property=\"og:site_name\" content=\"Azur Formulaire - Transmission d&#039;information pour un d\u00e9c\u00e8s\" \/>\n<meta property=\"article:modified_time\" content=\"2026-01-21T19:33:52+00:00\" \/>\n<meta property=\"og:image\" content=\"https:\/\/lachancedeces.com\/wp-content\/uploads\/2024\/03\/Reliquaire-REL-208.jpg\" \/>\n\t<meta property=\"og:image:width\" content=\"1600\" \/>\n\t<meta property=\"og:image:height\" content=\"1600\" \/>\n\t<meta property=\"og:image:type\" content=\"image\/jpeg\" \/>\n<meta name=\"twitter:card\" content=\"summary_large_image\" \/>\n<script type=\"application\/ld+json\" class=\"yoast-schema-graph\">{\"@context\":\"https:\\\/\\\/schema.org\",\"@graph\":[{\"@type\":\"WebPage\",\"@id\":\"https:\\\/\\\/lachancedeces.com\\\/en\\\/product\\\/authentic-reliquary\\\/\",\"url\":\"https:\\\/\\\/lachancedeces.com\\\/en\\\/product\\\/authentic-reliquary\\\/\",\"name\":\"Funerary Reliquary - Authentique - Azur Formulaire - Transmission d&#039;information pour un d\u00e9c\u00e8s\",\"isPartOf\":{\"@id\":\"https:\\\/\\\/lachancedeces.com\\\/en\\\/#website\"},\"primaryImageOfPage\":{\"@id\":\"https:\\\/\\\/lachancedeces.com\\\/en\\\/product\\\/authentic-reliquary\\\/#primaryimage\"},\"image\":{\"@id\":\"https:\\\/\\\/lachancedeces.com\\\/en\\\/product\\\/authentic-reliquary\\\/#primaryimage\"},\"thumbnailUrl\":\"https:\\\/\\\/lachancedeces.com\\\/wp-content\\\/uploads\\\/2024\\\/03\\\/Reliquaire-REL-208.jpg\",\"datePublished\":\"2024-03-21T16:46:22+00:00\",\"dateModified\":\"2026-01-21T19:33:52+00:00\",\"breadcrumb\":{\"@id\":\"https:\\\/\\\/lachancedeces.com\\\/en\\\/product\\\/authentic-reliquary\\\/#breadcrumb\"},\"inLanguage\":\"en-US\",\"potentialAction\":[{\"@type\":\"ReadAction\",\"target\":[\"https:\\\/\\\/lachancedeces.com\\\/en\\\/product\\\/authentic-reliquary\\\/\"]}]},{\"@type\":\"ImageObject\",\"inLanguage\":\"en-US\",\"@id\":\"https:\\\/\\\/lachancedeces.com\\\/en\\\/product\\\/authentic-reliquary\\\/#primaryimage\",\"url\":\"https:\\\/\\\/lachancedeces.com\\\/wp-content\\\/uploads\\\/2024\\\/03\\\/Reliquaire-REL-208.jpg\",\"contentUrl\":\"https:\\\/\\\/lachancedeces.com\\\/wp-content\\\/uploads\\\/2024\\\/03\\\/Reliquaire-REL-208.jpg\",\"width\":1600,\"height\":1600},{\"@type\":\"BreadcrumbList\",\"@id\":\"https:\\\/\\\/lachancedeces.com\\\/en\\\/product\\\/authentic-reliquary\\\/#breadcrumb\",\"itemListElement\":[{\"@type\":\"ListItem\",\"position\":1,\"name\":\"Accueil\",\"item\":\"https:\\\/\\\/lachancedeces.com\\\/en\\\/\"},{\"@type\":\"ListItem\",\"position\":2,\"name\":\"Products\",\"item\":\"https:\\\/\\\/lachancedeces.com\\\/en\\\/shop\\\/\"},{\"@type\":\"ListItem\",\"position\":3,\"name\":\"Funerary Reliquary &#8211; Authentique\"}]},{\"@type\":\"WebSite\",\"@id\":\"https:\\\/\\\/lachancedeces.com\\\/en\\\/#website\",\"url\":\"https:\\\/\\\/lachancedeces.com\\\/en\\\/\",\"name\":\"Complexe fun\u00e9raire Lachance - Transmission d'informations pour un d\u00e9c\u00e8s\",\"description\":\"Complexe fun\u00e9raire Lachance\",\"publisher\":{\"@id\":\"https:\\\/\\\/lachancedeces.com\\\/en\\\/#organization\"},\"potentialAction\":[{\"@type\":\"SearchAction\",\"target\":{\"@type\":\"EntryPoint\",\"urlTemplate\":\"https:\\\/\\\/lachancedeces.com\\\/en\\\/?s={search_term_string}\"},\"query-input\":{\"@type\":\"PropertyValueSpecification\",\"valueRequired\":true,\"valueName\":\"search_term_string\"}}],\"inLanguage\":\"en-US\"},{\"@type\":\"Organization\",\"@id\":\"https:\\\/\\\/lachancedeces.com\\\/en\\\/#organization\",\"name\":\"Complexe fun\u00e9raire Lachance - Transmission d'informations pour un d\u00e9c\u00e8s\",\"url\":\"https:\\\/\\\/lachancedeces.com\\\/en\\\/\",\"logo\":{\"@type\":\"ImageObject\",\"inLanguage\":\"en-US\",\"@id\":\"https:\\\/\\\/lachancedeces.com\\\/en\\\/#\\\/schema\\\/logo\\\/image\\\/\",\"url\":\"https:\\\/\\\/lachancedeces.com\\\/wp-content\\\/uploads\\\/2026\\\/01\\\/logo_cfl_carre.png\",\"contentUrl\":\"https:\\\/\\\/lachancedeces.com\\\/wp-content\\\/uploads\\\/2026\\\/01\\\/logo_cfl_carre.png\",\"width\":800,\"height\":800,\"caption\":\"Complexe fun\u00e9raire Lachance - Transmission d'informations pour un d\u00e9c\u00e8s\"},\"image\":{\"@id\":\"https:\\\/\\\/lachancedeces.com\\\/en\\\/#\\\/schema\\\/logo\\\/image\\\/\"}}]}<\/script>\n<!-- \/ Yoast SEO plugin. -->","yoast_head_json":{"title":"Funerary Reliquary - Authentique - Azur Formulaire - Transmission d&#039;information pour un d\u00e9c\u00e8s","robots":{"index":"index","follow":"follow"},"canonical":"https:\/\/lachancedeces.com\/en\/product\/authentic-reliquary\/","og_locale":"en_US","og_type":"article","og_title":"Funerary Reliquary - Authentique - Azur Formulaire - Transmission d&#039;information pour un d\u00e9c\u00e8s","og_description":"Brass reliquary","og_url":"https:\/\/lachancedeces.com\/en\/product\/authentic-reliquary\/","og_site_name":"Azur Formulaire - Transmission d&#039;information pour un d\u00e9c\u00e8s","article_modified_time":"2026-01-21T19:33:52+00:00","og_image":[{"width":1600,"height":1600,"url":"https:\/\/lachancedeces.com\/wp-content\/uploads\/2024\/03\/Reliquaire-REL-208.jpg","type":"image\/jpeg"}],"twitter_card":"summary_large_image","schema":{"@context":"https:\/\/schema.org","@graph":[{"@type":"WebPage","@id":"https:\/\/lachancedeces.com\/en\/product\/authentic-reliquary\/","url":"https:\/\/lachancedeces.com\/en\/product\/authentic-reliquary\/","name":"Funerary Reliquary - Authentique - Azur Formulaire - Transmission d&#039;information pour un d\u00e9c\u00e8s","isPartOf":{"@id":"https:\/\/lachancedeces.com\/en\/#website"},"primaryImageOfPage":{"@id":"https:\/\/lachancedeces.com\/en\/product\/authentic-reliquary\/#primaryimage"},"image":{"@id":"https:\/\/lachancedeces.com\/en\/product\/authentic-reliquary\/#primaryimage"},"thumbnailUrl":"https:\/\/lachancedeces.com\/wp-content\/uploads\/2024\/03\/Reliquaire-REL-208.jpg","datePublished":"2024-03-21T16:46:22+00:00","dateModified":"2026-01-21T19:33:52+00:00","breadcrumb":{"@id":"https:\/\/lachancedeces.com\/en\/product\/authentic-reliquary\/#breadcrumb"},"inLanguage":"en-US","potentialAction":[{"@type":"ReadAction","target":["https:\/\/lachancedeces.com\/en\/product\/authentic-reliquary\/"]}]},{"@type":"ImageObject","inLanguage":"en-US","@id":"https:\/\/lachancedeces.com\/en\/product\/authentic-reliquary\/#primaryimage","url":"https:\/\/lachancedeces.com\/wp-content\/uploads\/2024\/03\/Reliquaire-REL-208.jpg","contentUrl":"https:\/\/lachancedeces.com\/wp-content\/uploads\/2024\/03\/Reliquaire-REL-208.jpg","width":1600,"height":1600},{"@type":"BreadcrumbList","@id":"https:\/\/lachancedeces.com\/en\/product\/authentic-reliquary\/#breadcrumb","itemListElement":[{"@type":"ListItem","position":1,"name":"Accueil","item":"https:\/\/lachancedeces.com\/en\/"},{"@type":"ListItem","position":2,"name":"Products","item":"https:\/\/lachancedeces.com\/en\/shop\/"},{"@type":"ListItem","position":3,"name":"Funerary Reliquary &#8211; Authentique"}]},{"@type":"WebSite","@id":"https:\/\/lachancedeces.com\/en\/#website","url":"https:\/\/lachancedeces.com\/en\/","name":"Complexe fun\u00e9raire Lachance - Transmission d'informations pour un d\u00e9c\u00e8s","description":"Complexe fun\u00e9raire Lachance","publisher":{"@id":"https:\/\/lachancedeces.com\/en\/#organization"},"potentialAction":[{"@type":"SearchAction","target":{"@type":"EntryPoint","urlTemplate":"https:\/\/lachancedeces.com\/en\/?s={search_term_string}"},"query-input":{"@type":"PropertyValueSpecification","valueRequired":true,"valueName":"search_term_string"}}],"inLanguage":"en-US"},{"@type":"Organization","@id":"https:\/\/lachancedeces.com\/en\/#organization","name":"Complexe fun\u00e9raire Lachance - Transmission d'informations pour un d\u00e9c\u00e8s","url":"https:\/\/lachancedeces.com\/en\/","logo":{"@type":"ImageObject","inLanguage":"en-US","@id":"https:\/\/lachancedeces.com\/en\/#\/schema\/logo\/image\/","url":"https:\/\/lachancedeces.com\/wp-content\/uploads\/2026\/01\/logo_cfl_carre.png","contentUrl":"https:\/\/lachancedeces.com\/wp-content\/uploads\/2026\/01\/logo_cfl_carre.png","width":800,"height":800,"caption":"Complexe fun\u00e9raire Lachance - Transmission d'informations pour un d\u00e9c\u00e8s"},"image":{"@id":"https:\/\/lachancedeces.com\/en\/#\/schema\/logo\/image\/"}}]}},"_links":{"self":[{"href":"https:\/\/lachancedeces.com\/en\/wp-json\/wp\/v2\/product\/3755","targetHints":{"allow":["GET"]}}],"collection":[{"href":"https:\/\/lachancedeces.com\/en\/wp-json\/wp\/v2\/product"}],"about":[{"href":"https:\/\/lachancedeces.com\/en\/wp-json\/wp\/v2\/types\/product"}],"wp:featuredmedia":[{"embeddable":true,"href":"https:\/\/lachancedeces.com\/en\/wp-json\/wp\/v2\/media\/6429"}],"wp:attachment":[{"href":"https:\/\/lachancedeces.com\/en\/wp-json\/wp\/v2\/media?parent=3755"}],"wp:term":[{"taxonomy":"product_brand","embeddable":true,"href":"https:\/\/lachancedeces.com\/en\/wp-json\/wp\/v2\/product_brand?post=3755"},{"taxonomy":"product_cat","embeddable":true,"href":"https:\/\/lachancedeces.com\/en\/wp-json\/wp\/v2\/product_cat?post=3755"},{"taxonomy":"product_tag","embeddable":true,"href":"https:\/\/lachancedeces.com\/en\/wp-json\/wp\/v2\/product_tag?post=3755"}],"curies":[{"name":"wp","href":"https:\/\/api.w.org\/{rel}","templated":true}]}}