{"id":3281,"date":"2024-03-21T15:02:33","date_gmt":"2024-03-21T19:02:33","guid":{"rendered":"https:\/\/lachancedeces.com\/produit\/fisherman-pendant\/"},"modified":"2025-07-18T15:35:51","modified_gmt":"2025-07-18T19:35:51","slug":"fisherman-pendant","status":"publish","type":"product","link":"https:\/\/lachancedeces.com\/en\/product\/fisherman-pendant\/","title":{"rendered":"Le P\u00eacheur pendant &#8211; Silver"},"content":{"rendered":"<p>Stainless steel reliquary jewel<\/p>\n","protected":false},"excerpt":{"rendered":"<p>Ashes inserted in your jewel.<\/p>\n","protected":false},"featured_media":6501,"template":"","meta":[],"product_brand":[],"product_cat":[51],"product_tag":[309],"class_list":{"0":"post-3281","1":"product","2":"type-product","3":"status-publish","4":"has-post-thumbnail","6":"product_cat-jewelry","7":"product_tag-stainless-en","9":"first","10":"instock","11":"shipping-taxable","12":"purchasable","13":"product-type-simple"},"supplier_id":null,"supplier_sku":"","barcode":null,"atum_controlled":true,"out_stock_date":null,"out_stock_threshold":null,"inheritable":false,"inbound_stock":0,"stock_on_hold":0,"sold_today":0,"sales_last_days":0,"reserved_stock":0,"customer_returns":0,"warehouse_damage":0,"lost_in_post":0,"other_logs":0,"out_stock_days":0,"lost_sales":0,"has_location":false,"update_date":"2026-04-18T02:31:24","atum_locations":[],"atum_stock_status":"instock","restock_status":false,"low_stock_amount":"","sales_update_date":"2026-04-18T02:31:24","calc_backorders":null,"yoast_head":"<!-- This site is optimized with the Yoast SEO plugin v27.3 - https:\/\/yoast.com\/product\/yoast-seo-wordpress\/ -->\n<title>Le P\u00eacheur pendant - Silver - Azur Formulaire - Transmission d&#039;information pour un d\u00e9c\u00e8s<\/title>\n<meta name=\"robots\" content=\"index, follow\" \/>\n<link rel=\"canonical\" href=\"https:\/\/lachancedeces.com\/en\/product\/fisherman-pendant\/\" \/>\n<meta property=\"og:locale\" content=\"en_US\" \/>\n<meta property=\"og:type\" content=\"article\" \/>\n<meta property=\"og:title\" content=\"Le P\u00eacheur pendant - Silver - Azur Formulaire - Transmission d&#039;information pour un d\u00e9c\u00e8s\" \/>\n<meta property=\"og:description\" content=\"Ashes inserted in your jewel.\" \/>\n<meta property=\"og:url\" content=\"https:\/\/lachancedeces.com\/en\/product\/fisherman-pendant\/\" \/>\n<meta property=\"og:site_name\" content=\"Azur Formulaire - Transmission d&#039;information pour un d\u00e9c\u00e8s\" \/>\n<meta property=\"article:modified_time\" content=\"2025-07-18T19:35:51+00:00\" \/>\n<meta property=\"og:image\" content=\"https:\/\/lachancedeces.com\/wp-content\/uploads\/2024\/03\/IJD9236-1-STA-819-A.jpg\" \/>\n\t<meta property=\"og:image:width\" content=\"1600\" \/>\n\t<meta property=\"og:image:height\" content=\"1600\" \/>\n\t<meta property=\"og:image:type\" content=\"image\/jpeg\" \/>\n<meta name=\"twitter:card\" content=\"summary_large_image\" \/>\n<script type=\"application\/ld+json\" class=\"yoast-schema-graph\">{\"@context\":\"https:\\\/\\\/schema.org\",\"@graph\":[{\"@type\":\"WebPage\",\"@id\":\"https:\\\/\\\/lachancedeces.com\\\/en\\\/product\\\/fisherman-pendant\\\/\",\"url\":\"https:\\\/\\\/lachancedeces.com\\\/en\\\/product\\\/fisherman-pendant\\\/\",\"name\":\"Le P\u00eacheur pendant - Silver - Azur Formulaire - Transmission d&#039;information pour un d\u00e9c\u00e8s\",\"isPartOf\":{\"@id\":\"https:\\\/\\\/lachancedeces.com\\\/en\\\/#website\"},\"primaryImageOfPage\":{\"@id\":\"https:\\\/\\\/lachancedeces.com\\\/en\\\/product\\\/fisherman-pendant\\\/#primaryimage\"},\"image\":{\"@id\":\"https:\\\/\\\/lachancedeces.com\\\/en\\\/product\\\/fisherman-pendant\\\/#primaryimage\"},\"thumbnailUrl\":\"https:\\\/\\\/lachancedeces.com\\\/wp-content\\\/uploads\\\/2024\\\/03\\\/IJD9236-1-STA-819-A.jpg\",\"datePublished\":\"2024-03-21T19:02:33+00:00\",\"dateModified\":\"2025-07-18T19:35:51+00:00\",\"breadcrumb\":{\"@id\":\"https:\\\/\\\/lachancedeces.com\\\/en\\\/product\\\/fisherman-pendant\\\/#breadcrumb\"},\"inLanguage\":\"en-US\",\"potentialAction\":[{\"@type\":\"ReadAction\",\"target\":[\"https:\\\/\\\/lachancedeces.com\\\/en\\\/product\\\/fisherman-pendant\\\/\"]}]},{\"@type\":\"ImageObject\",\"inLanguage\":\"en-US\",\"@id\":\"https:\\\/\\\/lachancedeces.com\\\/en\\\/product\\\/fisherman-pendant\\\/#primaryimage\",\"url\":\"https:\\\/\\\/lachancedeces.com\\\/wp-content\\\/uploads\\\/2024\\\/03\\\/IJD9236-1-STA-819-A.jpg\",\"contentUrl\":\"https:\\\/\\\/lachancedeces.com\\\/wp-content\\\/uploads\\\/2024\\\/03\\\/IJD9236-1-STA-819-A.jpg\",\"width\":1600,\"height\":1600},{\"@type\":\"BreadcrumbList\",\"@id\":\"https:\\\/\\\/lachancedeces.com\\\/en\\\/product\\\/fisherman-pendant\\\/#breadcrumb\",\"itemListElement\":[{\"@type\":\"ListItem\",\"position\":1,\"name\":\"Accueil\",\"item\":\"https:\\\/\\\/lachancedeces.com\\\/en\\\/\"},{\"@type\":\"ListItem\",\"position\":2,\"name\":\"Products\",\"item\":\"https:\\\/\\\/lachancedeces.com\\\/en\\\/shop\\\/\"},{\"@type\":\"ListItem\",\"position\":3,\"name\":\"Le P\u00eacheur pendant &#8211; Silver\"}]},{\"@type\":\"WebSite\",\"@id\":\"https:\\\/\\\/lachancedeces.com\\\/en\\\/#website\",\"url\":\"https:\\\/\\\/lachancedeces.com\\\/en\\\/\",\"name\":\"Complexe fun\u00e9raire Lachance - Transmission d'informations pour un d\u00e9c\u00e8s\",\"description\":\"Complexe fun\u00e9raire Lachance\",\"publisher\":{\"@id\":\"https:\\\/\\\/lachancedeces.com\\\/en\\\/#organization\"},\"potentialAction\":[{\"@type\":\"SearchAction\",\"target\":{\"@type\":\"EntryPoint\",\"urlTemplate\":\"https:\\\/\\\/lachancedeces.com\\\/en\\\/?s={search_term_string}\"},\"query-input\":{\"@type\":\"PropertyValueSpecification\",\"valueRequired\":true,\"valueName\":\"search_term_string\"}}],\"inLanguage\":\"en-US\"},{\"@type\":\"Organization\",\"@id\":\"https:\\\/\\\/lachancedeces.com\\\/en\\\/#organization\",\"name\":\"Complexe fun\u00e9raire Lachance - Transmission d'informations pour un d\u00e9c\u00e8s\",\"url\":\"https:\\\/\\\/lachancedeces.com\\\/en\\\/\",\"logo\":{\"@type\":\"ImageObject\",\"inLanguage\":\"en-US\",\"@id\":\"https:\\\/\\\/lachancedeces.com\\\/en\\\/#\\\/schema\\\/logo\\\/image\\\/\",\"url\":\"https:\\\/\\\/lachancedeces.com\\\/wp-content\\\/uploads\\\/2026\\\/01\\\/logo_cfl_carre.png\",\"contentUrl\":\"https:\\\/\\\/lachancedeces.com\\\/wp-content\\\/uploads\\\/2026\\\/01\\\/logo_cfl_carre.png\",\"width\":800,\"height\":800,\"caption\":\"Complexe fun\u00e9raire Lachance - Transmission d'informations pour un d\u00e9c\u00e8s\"},\"image\":{\"@id\":\"https:\\\/\\\/lachancedeces.com\\\/en\\\/#\\\/schema\\\/logo\\\/image\\\/\"}}]}<\/script>\n<!-- \/ Yoast SEO plugin. -->","yoast_head_json":{"title":"Le P\u00eacheur pendant - Silver - Azur Formulaire - Transmission d&#039;information pour un d\u00e9c\u00e8s","robots":{"index":"index","follow":"follow"},"canonical":"https:\/\/lachancedeces.com\/en\/product\/fisherman-pendant\/","og_locale":"en_US","og_type":"article","og_title":"Le P\u00eacheur pendant - Silver - Azur Formulaire - Transmission d&#039;information pour un d\u00e9c\u00e8s","og_description":"Ashes inserted in your jewel.","og_url":"https:\/\/lachancedeces.com\/en\/product\/fisherman-pendant\/","og_site_name":"Azur Formulaire - Transmission d&#039;information pour un d\u00e9c\u00e8s","article_modified_time":"2025-07-18T19:35:51+00:00","og_image":[{"width":1600,"height":1600,"url":"https:\/\/lachancedeces.com\/wp-content\/uploads\/2024\/03\/IJD9236-1-STA-819-A.jpg","type":"image\/jpeg"}],"twitter_card":"summary_large_image","schema":{"@context":"https:\/\/schema.org","@graph":[{"@type":"WebPage","@id":"https:\/\/lachancedeces.com\/en\/product\/fisherman-pendant\/","url":"https:\/\/lachancedeces.com\/en\/product\/fisherman-pendant\/","name":"Le P\u00eacheur pendant - Silver - Azur Formulaire - Transmission d&#039;information pour un d\u00e9c\u00e8s","isPartOf":{"@id":"https:\/\/lachancedeces.com\/en\/#website"},"primaryImageOfPage":{"@id":"https:\/\/lachancedeces.com\/en\/product\/fisherman-pendant\/#primaryimage"},"image":{"@id":"https:\/\/lachancedeces.com\/en\/product\/fisherman-pendant\/#primaryimage"},"thumbnailUrl":"https:\/\/lachancedeces.com\/wp-content\/uploads\/2024\/03\/IJD9236-1-STA-819-A.jpg","datePublished":"2024-03-21T19:02:33+00:00","dateModified":"2025-07-18T19:35:51+00:00","breadcrumb":{"@id":"https:\/\/lachancedeces.com\/en\/product\/fisherman-pendant\/#breadcrumb"},"inLanguage":"en-US","potentialAction":[{"@type":"ReadAction","target":["https:\/\/lachancedeces.com\/en\/product\/fisherman-pendant\/"]}]},{"@type":"ImageObject","inLanguage":"en-US","@id":"https:\/\/lachancedeces.com\/en\/product\/fisherman-pendant\/#primaryimage","url":"https:\/\/lachancedeces.com\/wp-content\/uploads\/2024\/03\/IJD9236-1-STA-819-A.jpg","contentUrl":"https:\/\/lachancedeces.com\/wp-content\/uploads\/2024\/03\/IJD9236-1-STA-819-A.jpg","width":1600,"height":1600},{"@type":"BreadcrumbList","@id":"https:\/\/lachancedeces.com\/en\/product\/fisherman-pendant\/#breadcrumb","itemListElement":[{"@type":"ListItem","position":1,"name":"Accueil","item":"https:\/\/lachancedeces.com\/en\/"},{"@type":"ListItem","position":2,"name":"Products","item":"https:\/\/lachancedeces.com\/en\/shop\/"},{"@type":"ListItem","position":3,"name":"Le P\u00eacheur pendant &#8211; Silver"}]},{"@type":"WebSite","@id":"https:\/\/lachancedeces.com\/en\/#website","url":"https:\/\/lachancedeces.com\/en\/","name":"Complexe fun\u00e9raire Lachance - Transmission d'informations pour un d\u00e9c\u00e8s","description":"Complexe fun\u00e9raire Lachance","publisher":{"@id":"https:\/\/lachancedeces.com\/en\/#organization"},"potentialAction":[{"@type":"SearchAction","target":{"@type":"EntryPoint","urlTemplate":"https:\/\/lachancedeces.com\/en\/?s={search_term_string}"},"query-input":{"@type":"PropertyValueSpecification","valueRequired":true,"valueName":"search_term_string"}}],"inLanguage":"en-US"},{"@type":"Organization","@id":"https:\/\/lachancedeces.com\/en\/#organization","name":"Complexe fun\u00e9raire Lachance - Transmission d'informations pour un d\u00e9c\u00e8s","url":"https:\/\/lachancedeces.com\/en\/","logo":{"@type":"ImageObject","inLanguage":"en-US","@id":"https:\/\/lachancedeces.com\/en\/#\/schema\/logo\/image\/","url":"https:\/\/lachancedeces.com\/wp-content\/uploads\/2026\/01\/logo_cfl_carre.png","contentUrl":"https:\/\/lachancedeces.com\/wp-content\/uploads\/2026\/01\/logo_cfl_carre.png","width":800,"height":800,"caption":"Complexe fun\u00e9raire Lachance - Transmission d'informations pour un d\u00e9c\u00e8s"},"image":{"@id":"https:\/\/lachancedeces.com\/en\/#\/schema\/logo\/image\/"}}]}},"_links":{"self":[{"href":"https:\/\/lachancedeces.com\/en\/wp-json\/wp\/v2\/product\/3281","targetHints":{"allow":["GET"]}}],"collection":[{"href":"https:\/\/lachancedeces.com\/en\/wp-json\/wp\/v2\/product"}],"about":[{"href":"https:\/\/lachancedeces.com\/en\/wp-json\/wp\/v2\/types\/product"}],"wp:featuredmedia":[{"embeddable":true,"href":"https:\/\/lachancedeces.com\/en\/wp-json\/wp\/v2\/media\/6501"}],"wp:attachment":[{"href":"https:\/\/lachancedeces.com\/en\/wp-json\/wp\/v2\/media?parent=3281"}],"wp:term":[{"taxonomy":"product_brand","embeddable":true,"href":"https:\/\/lachancedeces.com\/en\/wp-json\/wp\/v2\/product_brand?post=3281"},{"taxonomy":"product_cat","embeddable":true,"href":"https:\/\/lachancedeces.com\/en\/wp-json\/wp\/v2\/product_cat?post=3281"},{"taxonomy":"product_tag","embeddable":true,"href":"https:\/\/lachancedeces.com\/en\/wp-json\/wp\/v2\/product_tag?post=3281"}],"curies":[{"name":"wp","href":"https:\/\/api.w.org\/{rel}","templated":true}]}}