{"id":6665,"date":"2025-07-30T08:04:52","date_gmt":"2025-07-30T12:04:52","guid":{"rendered":"https:\/\/lachancedeces.com\/thank-you-for-your-payment\/"},"modified":"2026-01-22T09:36:10","modified_gmt":"2026-01-22T14:36:10","slug":"thank-you-for-your-payment","status":"publish","type":"page","link":"https:\/\/lachancedeces.com\/en\/thank-you-for-your-payment\/","title":{"rendered":"Thank you for your payment"},"content":{"rendered":"\t\t<div data-elementor-type=\"wp-page\" data-elementor-id=\"6665\" class=\"elementor elementor-6665 elementor-6654\" data-elementor-post-type=\"page\">\n\t\t\t\t<div class=\"elementor-element elementor-element-89c9726 e-flex e-con-boxed wpr-particle-no wpr-jarallax-no wpr-parallax-no wpr-sticky-section-no wpr-equal-height-no e-con e-parent\" data-id=\"89c9726\" data-element_type=\"container\" data-e-type=\"container\">\n\t\t\t\t\t<div class=\"e-con-inner\">\n\t\t<div class=\"elementor-element elementor-element-4f256d7 e-con-full e-flex wpr-particle-no wpr-jarallax-no wpr-parallax-no wpr-sticky-section-no wpr-equal-height-no e-con e-child\" data-id=\"4f256d7\" data-element_type=\"container\" data-e-type=\"container\" data-settings=\"{&quot;background_background&quot;:&quot;classic&quot;}\">\n\t\t\t\t<div class=\"elementor-element elementor-element-c275ca7 elementor-widget elementor-widget-tl-site-logo\" data-id=\"c275ca7\" data-element_type=\"widget\" data-e-type=\"widget\" data-widget_type=\"tl-site-logo.default\">\n\t\t\t\t<div class=\"elementor-widget-container\">\n\t\t\t\t\t<a href=\"https:\/\/lachancedeces.com\"><img loading=\"lazy\" decoding=\"async\" width=\"300\" height=\"207\" src=\"https:\/\/lachancedeces.com\/wp-content\/uploads\/2022\/08\/Service-Funeraire-Azur_2024_Couleur-300x207.png\" title=\"Service Funeraire Azur_2024_Couleur\" alt=\"\" class=\"attachment-medium size-medium wp-image-2749\" loading=\"lazy\" srcset=\"https:\/\/lachancedeces.com\/wp-content\/uploads\/2022\/08\/Service-Funeraire-Azur_2024_Couleur-300x207.png 300w, https:\/\/lachancedeces.com\/wp-content\/uploads\/2022\/08\/Service-Funeraire-Azur_2024_Couleur-600x414.png 600w, https:\/\/lachancedeces.com\/wp-content\/uploads\/2022\/08\/Service-Funeraire-Azur_2024_Couleur-1024x707.png 1024w, https:\/\/lachancedeces.com\/wp-content\/uploads\/2022\/08\/Service-Funeraire-Azur_2024_Couleur-768x530.png 768w, https:\/\/lachancedeces.com\/wp-content\/uploads\/2022\/08\/Service-Funeraire-Azur_2024_Couleur.png 1114w\" sizes=\"auto, (max-width: 300px) 100vw, 300px\" \/><\/a>\t\t\t\t<\/div>\n\t\t\t\t<\/div>\n\t\t\t\t<div class=\"elementor-element elementor-element-975bc22 elementor-widget elementor-widget-heading\" data-id=\"975bc22\" data-element_type=\"widget\" data-e-type=\"widget\" data-widget_type=\"heading.default\">\n\t\t\t\t<div class=\"elementor-widget-container\">\n\t\t\t\t\t<h2 class=\"elementor-heading-title elementor-size-default\">We have received your payment.<br>Thank you.<\/h2>\t\t\t\t<\/div>\n\t\t\t\t<\/div>\n\t\t\t\t<div class=\"elementor-element elementor-element-0eae290 elementor-widget elementor-widget-text-editor\" data-id=\"0eae290\" data-element_type=\"widget\" data-e-type=\"widget\" data-widget_type=\"text-editor.default\">\n\t\t\t\t<div class=\"elementor-widget-container\">\n\t\t\t\t\t\t\t\t\t<p>An advisor will contact you shortly to discuss the next steps.<\/p>\t\t\t\t\t\t\t\t<\/div>\n\t\t\t\t<\/div>\n\t\t\t\t<div class=\"elementor-element elementor-element-a050351 elementor-widget-divider--view-line elementor-widget elementor-widget-divider\" data-id=\"a050351\" data-element_type=\"widget\" data-e-type=\"widget\" data-widget_type=\"divider.default\">\n\t\t\t\t<div class=\"elementor-widget-container\">\n\t\t\t\t\t\t\t<div class=\"elementor-divider\">\n\t\t\t<span class=\"elementor-divider-separator\">\n\t\t\t\t\t\t<\/span>\n\t\t<\/div>\n\t\t\t\t\t\t<\/div>\n\t\t\t\t<\/div>\n\t\t\t\t<div class=\"elementor-element elementor-element-92596cf elementor-widget elementor-widget-heading\" data-id=\"92596cf\" data-element_type=\"widget\" data-e-type=\"widget\" data-widget_type=\"heading.default\">\n\t\t\t\t<div class=\"elementor-widget-container\">\n\t\t\t\t\t<h2 class=\"elementor-heading-title elementor-size-default\">Nous avons bien re\u00e7u votre paiement<br>Merci<\/h2>\t\t\t\t<\/div>\n\t\t\t\t<\/div>\n\t\t\t\t<div class=\"elementor-element elementor-element-de43360 elementor-widget elementor-widget-text-editor\" data-id=\"de43360\" data-element_type=\"widget\" data-e-type=\"widget\" data-widget_type=\"text-editor.default\">\n\t\t\t\t<div class=\"elementor-widget-container\">\n\t\t\t\t\t\t\t\t\t<p>Un conseiller communiquera avec vous sous peu pour la suite des d\u00e9marches.<\/p>\t\t\t\t\t\t\t\t<\/div>\n\t\t\t\t<\/div>\n\t\t\t\t<div class=\"elementor-element elementor-element-a52a216 elementor-widget elementor-widget-text-editor\" data-id=\"a52a216\" data-element_type=\"widget\" data-e-type=\"widget\" data-widget_type=\"text-editor.default\">\n\t\t\t\t<div class=\"elementor-widget-container\">\n\t\t\t\t\t\t\t\t\t<p>Pour toute question, contactez-nous.<\/p><p>If you have any questions, please contact us at<\/p><p><a href=\"tel:18557551212\"><b>1-855-755-1212<\/b><\/a><\/p>\t\t\t\t\t\t\t\t<\/div>\n\t\t\t\t<\/div>\n\t\t\t\t<\/div>\n\t\t\t\t\t<\/div>\n\t\t\t\t<\/div>\n\t\t\t\t<\/div>\n\t\t","protected":false},"excerpt":{"rendered":"<p>We have received your payment.Thank you. An advisor will contact you shortly to discuss the next steps. Nous avons bien re\u00e7u votre paiementMerci Un conseiller communiquera avec vous sous peu pour la suite des d\u00e9marches. Pour toute question, contactez-nous. If you have any questions, please contact us at 1-855-755-1212<\/p>\n","protected":false},"author":1,"featured_media":0,"parent":0,"menu_order":0,"comment_status":"closed","ping_status":"closed","template":"","meta":{"footnotes":""},"categories":[],"class_list":["post-6665","page","type-page","status-publish","hentry"],"yoast_head":"<!-- This site is optimized with the Yoast SEO plugin v27.4 - https:\/\/yoast.com\/product\/yoast-seo-wordpress\/ -->\n<title>Formulaire Lachance - Transmission d&#039;information pour un d\u00e9c\u00e8s<\/title>\n<meta name=\"robots\" content=\"index, follow\" \/>\n<link rel=\"canonical\" href=\"https:\/\/lachancedeces.com\/en\/thank-you-for-your-payment\/\" \/>\n<meta property=\"og:locale\" content=\"en_US\" \/>\n<meta property=\"og:type\" content=\"article\" \/>\n<meta property=\"og:title\" content=\"Formulaire Lachance - Transmission d&#039;information pour un d\u00e9c\u00e8s\" \/>\n<meta property=\"og:description\" content=\"We have received your payment.Thank you. An advisor will contact you shortly to discuss the next steps. Nous avons bien re\u00e7u votre paiementMerci Un conseiller communiquera avec vous sous peu pour la suite des d\u00e9marches. Pour toute question, contactez-nous. If you have any questions, please contact us at 1-855-755-1212\" \/>\n<meta property=\"og:url\" content=\"https:\/\/lachancedeces.com\/en\/thank-you-for-your-payment\/\" \/>\n<meta property=\"og:site_name\" content=\"Azur Formulaire - Transmission d&#039;information pour un d\u00e9c\u00e8s\" \/>\n<meta property=\"article:modified_time\" content=\"2026-01-22T14:36:10+00:00\" \/>\n<meta property=\"og:image\" content=\"https:\/\/lachancedeces.com\/wp-content\/uploads\/2026\/01\/D-Complexe-funeraire-Lachance-inc_Couleur_2024_No-Info.png\" \/>\n\t<meta property=\"og:image:width\" content=\"2534\" \/>\n\t<meta property=\"og:image:height\" content=\"535\" \/>\n\t<meta property=\"og:image:type\" content=\"image\/png\" \/>\n<meta name=\"twitter:card\" content=\"summary_large_image\" \/>\n<script type=\"application\/ld+json\" class=\"yoast-schema-graph\">{\"@context\":\"https:\\\/\\\/schema.org\",\"@graph\":[{\"@type\":\"WebPage\",\"@id\":\"https:\\\/\\\/lachancedeces.com\\\/en\\\/thank-you-for-your-payment\\\/\",\"url\":\"https:\\\/\\\/lachancedeces.com\\\/en\\\/thank-you-for-your-payment\\\/\",\"name\":\"Formulaire Lachance - Transmission d'information pour un d\u00e9c\u00e8s\",\"isPartOf\":{\"@id\":\"https:\\\/\\\/lachancedeces.com\\\/en\\\/#website\"},\"primaryImageOfPage\":{\"@id\":\"https:\\\/\\\/lachancedeces.com\\\/en\\\/thank-you-for-your-payment\\\/#primaryimage\"},\"image\":{\"@id\":\"https:\\\/\\\/lachancedeces.com\\\/en\\\/thank-you-for-your-payment\\\/#primaryimage\"},\"thumbnailUrl\":\"https:\\\/\\\/lachancedeces.com\\\/wp-content\\\/uploads\\\/2026\\\/01\\\/D-Complexe-funeraire-Lachance-inc_Couleur_2024_No-Info-300x63.png\",\"datePublished\":\"2025-07-30T12:04:52+00:00\",\"dateModified\":\"2026-01-22T14:36:10+00:00\",\"breadcrumb\":{\"@id\":\"https:\\\/\\\/lachancedeces.com\\\/en\\\/thank-you-for-your-payment\\\/#breadcrumb\"},\"inLanguage\":\"en-US\",\"potentialAction\":[{\"@type\":\"ReadAction\",\"target\":[\"https:\\\/\\\/lachancedeces.com\\\/en\\\/thank-you-for-your-payment\\\/\"]}]},{\"@type\":\"ImageObject\",\"inLanguage\":\"en-US\",\"@id\":\"https:\\\/\\\/lachancedeces.com\\\/en\\\/thank-you-for-your-payment\\\/#primaryimage\",\"url\":\"https:\\\/\\\/lachancedeces.com\\\/wp-content\\\/uploads\\\/2026\\\/01\\\/D-Complexe-funeraire-Lachance-inc_Couleur_2024_No-Info-300x63.png\",\"contentUrl\":\"https:\\\/\\\/lachancedeces.com\\\/wp-content\\\/uploads\\\/2026\\\/01\\\/D-Complexe-funeraire-Lachance-inc_Couleur_2024_No-Info-300x63.png\"},{\"@type\":\"BreadcrumbList\",\"@id\":\"https:\\\/\\\/lachancedeces.com\\\/en\\\/thank-you-for-your-payment\\\/#breadcrumb\",\"itemListElement\":[{\"@type\":\"ListItem\",\"position\":1,\"name\":\"Accueil\",\"item\":\"https:\\\/\\\/lachancedeces.com\\\/en\\\/\"},{\"@type\":\"ListItem\",\"position\":2,\"name\":\"Thank you for your payment\"}]},{\"@type\":\"WebSite\",\"@id\":\"https:\\\/\\\/lachancedeces.com\\\/en\\\/#website\",\"url\":\"https:\\\/\\\/lachancedeces.com\\\/en\\\/\",\"name\":\"Complexe fun\u00e9raire Lachance - Transmission d'informations pour un d\u00e9c\u00e8s\",\"description\":\"Complexe fun\u00e9raire Lachance\",\"publisher\":{\"@id\":\"https:\\\/\\\/lachancedeces.com\\\/en\\\/#organization\"},\"potentialAction\":[{\"@type\":\"SearchAction\",\"target\":{\"@type\":\"EntryPoint\",\"urlTemplate\":\"https:\\\/\\\/lachancedeces.com\\\/en\\\/?s={search_term_string}\"},\"query-input\":{\"@type\":\"PropertyValueSpecification\",\"valueRequired\":true,\"valueName\":\"search_term_string\"}}],\"inLanguage\":\"en-US\"},{\"@type\":\"Organization\",\"@id\":\"https:\\\/\\\/lachancedeces.com\\\/en\\\/#organization\",\"name\":\"Complexe fun\u00e9raire Lachance - Transmission d'informations pour un d\u00e9c\u00e8s\",\"url\":\"https:\\\/\\\/lachancedeces.com\\\/en\\\/\",\"logo\":{\"@type\":\"ImageObject\",\"inLanguage\":\"en-US\",\"@id\":\"https:\\\/\\\/lachancedeces.com\\\/en\\\/#\\\/schema\\\/logo\\\/image\\\/\",\"url\":\"https:\\\/\\\/lachancedeces.com\\\/wp-content\\\/uploads\\\/2026\\\/01\\\/logo_cfl_carre.png\",\"contentUrl\":\"https:\\\/\\\/lachancedeces.com\\\/wp-content\\\/uploads\\\/2026\\\/01\\\/logo_cfl_carre.png\",\"width\":800,\"height\":800,\"caption\":\"Complexe fun\u00e9raire Lachance - Transmission d'informations pour un d\u00e9c\u00e8s\"},\"image\":{\"@id\":\"https:\\\/\\\/lachancedeces.com\\\/en\\\/#\\\/schema\\\/logo\\\/image\\\/\"}}]}<\/script>\n<!-- \/ Yoast SEO plugin. -->","yoast_head_json":{"title":"Formulaire Lachance - Transmission d'information pour un d\u00e9c\u00e8s","robots":{"index":"index","follow":"follow"},"canonical":"https:\/\/lachancedeces.com\/en\/thank-you-for-your-payment\/","og_locale":"en_US","og_type":"article","og_title":"Formulaire Lachance - Transmission d'information pour un d\u00e9c\u00e8s","og_description":"We have received your payment.Thank you. An advisor will contact you shortly to discuss the next steps. Nous avons bien re\u00e7u votre paiementMerci Un conseiller communiquera avec vous sous peu pour la suite des d\u00e9marches. Pour toute question, contactez-nous. If you have any questions, please contact us at 1-855-755-1212","og_url":"https:\/\/lachancedeces.com\/en\/thank-you-for-your-payment\/","og_site_name":"Azur Formulaire - Transmission d&#039;information pour un d\u00e9c\u00e8s","article_modified_time":"2026-01-22T14:36:10+00:00","og_image":[{"width":2534,"height":535,"url":"https:\/\/lachancedeces.com\/wp-content\/uploads\/2026\/01\/D-Complexe-funeraire-Lachance-inc_Couleur_2024_No-Info.png","type":"image\/png"}],"twitter_card":"summary_large_image","schema":{"@context":"https:\/\/schema.org","@graph":[{"@type":"WebPage","@id":"https:\/\/lachancedeces.com\/en\/thank-you-for-your-payment\/","url":"https:\/\/lachancedeces.com\/en\/thank-you-for-your-payment\/","name":"Formulaire Lachance - Transmission d'information pour un d\u00e9c\u00e8s","isPartOf":{"@id":"https:\/\/lachancedeces.com\/en\/#website"},"primaryImageOfPage":{"@id":"https:\/\/lachancedeces.com\/en\/thank-you-for-your-payment\/#primaryimage"},"image":{"@id":"https:\/\/lachancedeces.com\/en\/thank-you-for-your-payment\/#primaryimage"},"thumbnailUrl":"https:\/\/lachancedeces.com\/wp-content\/uploads\/2026\/01\/D-Complexe-funeraire-Lachance-inc_Couleur_2024_No-Info-300x63.png","datePublished":"2025-07-30T12:04:52+00:00","dateModified":"2026-01-22T14:36:10+00:00","breadcrumb":{"@id":"https:\/\/lachancedeces.com\/en\/thank-you-for-your-payment\/#breadcrumb"},"inLanguage":"en-US","potentialAction":[{"@type":"ReadAction","target":["https:\/\/lachancedeces.com\/en\/thank-you-for-your-payment\/"]}]},{"@type":"ImageObject","inLanguage":"en-US","@id":"https:\/\/lachancedeces.com\/en\/thank-you-for-your-payment\/#primaryimage","url":"https:\/\/lachancedeces.com\/wp-content\/uploads\/2026\/01\/D-Complexe-funeraire-Lachance-inc_Couleur_2024_No-Info-300x63.png","contentUrl":"https:\/\/lachancedeces.com\/wp-content\/uploads\/2026\/01\/D-Complexe-funeraire-Lachance-inc_Couleur_2024_No-Info-300x63.png"},{"@type":"BreadcrumbList","@id":"https:\/\/lachancedeces.com\/en\/thank-you-for-your-payment\/#breadcrumb","itemListElement":[{"@type":"ListItem","position":1,"name":"Accueil","item":"https:\/\/lachancedeces.com\/en\/"},{"@type":"ListItem","position":2,"name":"Thank you for your payment"}]},{"@type":"WebSite","@id":"https:\/\/lachancedeces.com\/en\/#website","url":"https:\/\/lachancedeces.com\/en\/","name":"Complexe fun\u00e9raire Lachance - Transmission d'informations pour un d\u00e9c\u00e8s","description":"Complexe fun\u00e9raire Lachance","publisher":{"@id":"https:\/\/lachancedeces.com\/en\/#organization"},"potentialAction":[{"@type":"SearchAction","target":{"@type":"EntryPoint","urlTemplate":"https:\/\/lachancedeces.com\/en\/?s={search_term_string}"},"query-input":{"@type":"PropertyValueSpecification","valueRequired":true,"valueName":"search_term_string"}}],"inLanguage":"en-US"},{"@type":"Organization","@id":"https:\/\/lachancedeces.com\/en\/#organization","name":"Complexe fun\u00e9raire Lachance - Transmission d'informations pour un d\u00e9c\u00e8s","url":"https:\/\/lachancedeces.com\/en\/","logo":{"@type":"ImageObject","inLanguage":"en-US","@id":"https:\/\/lachancedeces.com\/en\/#\/schema\/logo\/image\/","url":"https:\/\/lachancedeces.com\/wp-content\/uploads\/2026\/01\/logo_cfl_carre.png","contentUrl":"https:\/\/lachancedeces.com\/wp-content\/uploads\/2026\/01\/logo_cfl_carre.png","width":800,"height":800,"caption":"Complexe fun\u00e9raire Lachance - Transmission d'informations pour un d\u00e9c\u00e8s"},"image":{"@id":"https:\/\/lachancedeces.com\/en\/#\/schema\/logo\/image\/"}}]}},"_links":{"self":[{"href":"https:\/\/lachancedeces.com\/en\/wp-json\/wp\/v2\/pages\/6665","targetHints":{"allow":["GET"]}}],"collection":[{"href":"https:\/\/lachancedeces.com\/en\/wp-json\/wp\/v2\/pages"}],"about":[{"href":"https:\/\/lachancedeces.com\/en\/wp-json\/wp\/v2\/types\/page"}],"author":[{"embeddable":true,"href":"https:\/\/lachancedeces.com\/en\/wp-json\/wp\/v2\/users\/1"}],"replies":[{"embeddable":true,"href":"https:\/\/lachancedeces.com\/en\/wp-json\/wp\/v2\/comments?post=6665"}],"version-history":[{"count":2,"href":"https:\/\/lachancedeces.com\/en\/wp-json\/wp\/v2\/pages\/6665\/revisions"}],"predecessor-version":[{"id":7372,"href":"https:\/\/lachancedeces.com\/en\/wp-json\/wp\/v2\/pages\/6665\/revisions\/7372"}],"wp:attachment":[{"href":"https:\/\/lachancedeces.com\/en\/wp-json\/wp\/v2\/media?parent=6665"}],"wp:term":[{"taxonomy":"category","embeddable":true,"href":"https:\/\/lachancedeces.com\/en\/wp-json\/wp\/v2\/categories?post=6665"}],"curies":[{"name":"wp","href":"https:\/\/api.w.org\/{rel}","templated":true}]}}